{"id":6955,"date":"2025-12-15T11:35:53","date_gmt":"2025-12-15T10:35:53","guid":{"rendered":"https:\/\/regpit.com\/?page_id=6955"},"modified":"2026-01-06T13:21:35","modified_gmt":"2026-01-06T12:21:35","slug":"webinare","status":"publish","type":"page","link":"https:\/\/regpit.com\/eng\/webinare\/","title":{"rendered":"Webinare"},"content":{"rendered":"\t\t<div data-elementor-type=\"wp-page\" data-elementor-id=\"6955\" class=\"elementor elementor-6955\" data-elementor-post-type=\"page\">\n\t\t\t\t<div class=\"elementor-element elementor-element-0988f9e e-flex e-con-boxed e-con e-parent\" data-id=\"0988f9e\" data-element_type=\"container\" data-e-type=\"container\">\n\t\t\t\t\t<div class=\"e-con-inner\">\n\t\t\t\t<div class=\"elementor-element elementor-element-78dab9f elementor-widget elementor-widget-heading\" data-id=\"78dab9f\" data-element_type=\"widget\" data-e-type=\"widget\" data-widget_type=\"heading.default\">\n\t\t\t\t<div class=\"elementor-widget-container\">\n\t\t\t\t\t<h1 class=\"elementor-heading-title elementor-size-default\">Bevorstehende Webinare<\/h1>\t\t\t\t<\/div>\n\t\t\t\t<\/div>\n\t\t\t\t<div class=\"elementor-element elementor-element-e29fc64 elementor-widget-divider--view-line elementor-widget elementor-widget-divider\" data-id=\"e29fc64\" data-element_type=\"widget\" data-e-type=\"widget\" data-widget_type=\"divider.default\">\n\t\t\t\t<div class=\"elementor-widget-container\">\n\t\t\t\t\t\t\t<div class=\"elementor-divider\">\n\t\t\t<span class=\"elementor-divider-separator\">\n\t\t\t\t\t\t<\/span>\n\t\t<\/div>\n\t\t\t\t\t\t<\/div>\n\t\t\t\t<\/div>\n\t\t\t\t<div class=\"elementor-element elementor-element-3dfef02 elementor-widget__width-initial elementor-widget elementor-widget-text-editor\" data-id=\"3dfef02\" data-element_type=\"widget\" data-e-type=\"widget\" data-widget_type=\"text-editor.default\">\n\t\t\t\t<div class=\"elementor-widget-container\">\n\t\t\t\t\t\t\t\t\t<p class=\"p1\">Aktuelle Entwicklungen, regulatorische Neuerungen und praxisnahe Einblicke: Unsere Webinarformate bieten kompaktes Fachwissen f\u00fcr alle, die Geldw\u00e4schepr\u00e4vention in Unternehmen rechtssicher umsetzen wollen.<\/p>\t\t\t\t\t\t\t\t<\/div>\n\t\t\t\t<\/div>\n\t\t\t\t<div class=\"elementor-element elementor-element-147af52 elementor-widget elementor-widget-shortcode\" data-id=\"147af52\" data-element_type=\"widget\" data-e-type=\"widget\" data-widget_type=\"shortcode.default\">\n\t\t\t\t<div class=\"elementor-widget-container\">\n\t\t\t\t\t\t\t<div class=\"elementor-shortcode\"><div class=\"em em-view-container\" id=\"em-view-1222229567\" data-view=\"list\">\r\n\t<div class=\"em pixelbones em-list em-events-list\" id=\"em-events-list-1222229567\" data-view-id=\"1222229567\">\r\n\t<div class=\"em-event em-item \" style=\"--default-border:#0052ff;\">\r\n\t<div class=\"em-item-image \">\r\n\t\t\r\n\t\t<img src='https:\/\/regpit.com\/wp-content\/uploads\/2026\/01\/Webinar-Jacob-Wende-2.jpg' alt='Webinar: comply.update \u2013 Geldw\u00e4schepr\u00e4vention'\/>\r\n\t\t\r\n\t\t\r\n\t<\/div>\r\n\t<div class=\"em-item-info\">\r\n\t\t<h3 class=\"em-item-title\"><a href=\"https:\/\/regpit.com\/eng\/events\/webinar-comply-update-geldwaeschepraevention-2\/\">Webinar: comply.update \u2013 Geldw\u00e4schepr\u00e4vention<\/a><\/h3>\r\n\t\t\r\n\t\t<div class=\"em-event-meta em-item-meta\">\r\n\t\t\t<div class=\"em-item-meta-line em-event-date em-event-meta-datetime\">\r\n\t\t\t\t<span class=\"em-icon-calendar em-icon\"><\/span>\r\n\t\t\t\t19.06.2026\u00a0\u00a0\u00a0\u00a0\r\n\t\t\t<\/div>\r\n\t\t\t<div class=\"em-item-meta-line em-event-time em-event-meta-datetime\">\r\n\t\t\t\t<span class=\"em-icon-clock em-icon\"><\/span>\r\n\t\t\t\t11:00 - 12:00\r\n\t\t\t<\/div>\r\n\t\t\t\r\n\t\t\t\r\n\t\t\t\r\n\t\t\t\r\n\t\t\t<div class=\"em-item-meta-line em-item-taxonomy em-event-categories\">\r\n\t\t\t\t<span class=\"em-icon-category em-icon\"><\/span>\r\n\t\t\t\t<div>\t<ul class=\"event-categories\">\r\n\t\t\t\t\t<li><a href=\"https:\/\/regpit.com\/eng\/events\/kategorien\/webinar\/\">Webinar<\/a><\/li>\r\n\t\t\t<\/ul>\r\n\t<\/div>\r\n\t\t\t<\/div>\r\n\t\t\t\r\n\t\t\t\r\n\t\t<\/div>\r\n\t\t<div class=\"em-item-desc\">\r\n\t\t\tWas jetzt z\u00e4hlt in der Geldw\u00e4schepr\u00e4vention? Dieses Webinar liefert Antworten. Regulatorik bleibt in Bewegung \u2013 vor allem bei der Geldw\u00e4schepr\u00e4vention. Neue Vorgaben wie die AMLR, [...]\r\n\t\t<\/div>\r\n\t\t<div class=\"em-item-actions input\">\r\n\t\t\t<a class=\"em-item-read-more button\" href=\"https:\/\/regpit.com\/eng\/events\/webinar-comply-update-geldwaeschepraevention-2\/\">Weitere Informationen<\/a>\r\n\t\t\t\r\n\t\t<\/div>\r\n\t<\/div>\r\n<\/div>\t<\/div>\r\n<\/div>\n<\/div>\n\t\t\t\t\t\t<\/div>\n\t\t\t\t<\/div>\n\t\t\t\t\t<\/div>\n\t\t\t\t<\/div>\n\t\t\t\t<\/div>\n\t\t","protected":false},"excerpt":{"rendered":"<p>Bevorstehende Webinare Aktuelle Entwicklungen, regulatorische Neuerungen und praxisnahe Einblicke: Unsere Webinarformate bieten kompaktes Fachwissen f\u00fcr alle, die Geldw\u00e4schepr\u00e4vention in Unternehmen rechtssicher umsetzen wollen.<\/p>","protected":false},"author":2,"featured_media":0,"parent":0,"menu_order":0,"comment_status":"closed","ping_status":"closed","template":"","meta":{"_acf_changed":false,"inline_featured_image":false,"footnotes":""},"class_list":["post-6955","page","type-page","status-publish","hentry"],"acf":[],"_links":{"self":[{"href":"https:\/\/regpit.com\/eng\/wp-json\/wp\/v2\/pages\/6955","targetHints":{"allow":["GET"]}}],"collection":[{"href":"https:\/\/regpit.com\/eng\/wp-json\/wp\/v2\/pages"}],"about":[{"href":"https:\/\/regpit.com\/eng\/wp-json\/wp\/v2\/types\/page"}],"author":[{"embeddable":true,"href":"https:\/\/regpit.com\/eng\/wp-json\/wp\/v2\/users\/2"}],"replies":[{"embeddable":true,"href":"https:\/\/regpit.com\/eng\/wp-json\/wp\/v2\/comments?post=6955"}],"version-history":[{"count":13,"href":"https:\/\/regpit.com\/eng\/wp-json\/wp\/v2\/pages\/6955\/revisions"}],"predecessor-version":[{"id":7013,"href":"https:\/\/regpit.com\/eng\/wp-json\/wp\/v2\/pages\/6955\/revisions\/7013"}],"wp:attachment":[{"href":"https:\/\/regpit.com\/eng\/wp-json\/wp\/v2\/media?parent=6955"}],"curies":[{"name":"wp","href":"https:\/\/api.w.org\/{rel}","templated":true}]}}